{"id":188,"date":"2021-01-04T21:39:39","date_gmt":"2021-01-04T20:39:39","guid":{"rendered":"http:\/\/www.bsmax.fr\/?page_id=188"},"modified":"2024-03-24T12:10:49","modified_gmt":"2024-03-24T11:10:49","slug":"elementor-188","status":"publish","type":"page","link":"https:\/\/www.bsmax.fr\/?page_id=188","title":{"rendered":"BSmax Script"},"content":{"rendered":"\t\t<div data-elementor-type=\"wp-page\" data-elementor-id=\"188\" class=\"elementor elementor-188\">\n\t\t\t\t\t\t\t\t\t<section class=\"elementor-section elementor-top-section elementor-element elementor-element-b0fbafe elementor-section-boxed elementor-section-height-default elementor-section-height-default\" data-id=\"b0fbafe\" data-element_type=\"section\">\n\t\t\t\t\t\t<div class=\"elementor-container elementor-column-gap-default\">\n\t\t\t\t\t<div class=\"elementor-column elementor-col-100 elementor-top-column elementor-element elementor-element-15393cd\" data-id=\"15393cd\" data-element_type=\"column\">\n\t\t\t<div class=\"elementor-widget-wrap elementor-element-populated\">\n\t\t\t\t\t\t\t\t<div class=\"elementor-element elementor-element-17f3596 elementor-widget elementor-widget-heading\" data-id=\"17f3596\" data-element_type=\"widget\" data-widget_type=\"heading.default\">\n\t\t\t\t<div class=\"elementor-widget-container\">\n\t\t\t<h2 class=\"elementor-heading-title elementor-size-default\">BSmax Script 7.2<\/h2>\t\t<\/div>\n\t\t\t\t<\/div>\n\t\t\t\t\t<\/div>\n\t\t<\/div>\n\t\t\t\t\t\t\t<\/div>\n\t\t<\/section>\n\t\t\t\t<section class=\"elementor-section elementor-top-section elementor-element elementor-element-f2d3c56 elementor-section-boxed elementor-section-height-default elementor-section-height-default\" data-id=\"f2d3c56\" data-element_type=\"section\">\n\t\t\t\t\t\t<div class=\"elementor-container elementor-column-gap-default\">\n\t\t\t\t\t<div class=\"elementor-column elementor-col-100 elementor-top-column elementor-element elementor-element-056abb7\" data-id=\"056abb7\" data-element_type=\"column\">\n\t\t\t<div class=\"elementor-widget-wrap elementor-element-populated\">\n\t\t\t\t\t\t\t\t<div class=\"elementor-element elementor-element-52a4934 elementor-widget elementor-widget-text-editor\" data-id=\"52a4934\" data-element_type=\"widget\" data-widget_type=\"text-editor.default\">\n\t\t\t\t<div class=\"elementor-widget-container\">\n\t\t\t\t\t\t\t<p class=\"font_9\"><span class=\"color_15\">La derni\u00e8re version de BSmax Script est la version\u00a07.2 !<\/span><br \/>\u00a0<\/p><p class=\"font_9\"><span class=\"color_15\">Cette fois-ci, l&rsquo;accent a \u00e9t\u00e9 mis sur la connectivit\u00e9 ! Le ma\u00eetre mot de BSmaxScript 7.2 !<br \/><br \/>Une plus grande interaction avec ce qui\u00a0se passe sur IRC, encore et toujours + d&rsquo;options de connexion pour coller au plus pr\u00e8s de vos besoins, mais aussi des fonctions inattendues comme la synchronisation avec un lapin communiquant Nabaztag \/ Karotz, un lecteur de flux RSS int\u00e9gr\u00e9, des notifications&#8230;<br \/><br \/>Bref, la liste des nouveaut\u00e9s suffira \u00e0 vous en faire un r\u00e9capitulatif exhaustif. \u00c9videmment les possibilit\u00e9s de personnalisation ont encore augment\u00e9 avec un \u00e9ventail de couleurs et d&rsquo;effets visuels plus \u00e9toff\u00e9 qu&rsquo;avant, de quoi faire de BSmaxScript votre script, plus que jamais.<\/span><br \/>\u00a0<\/p><p class=\"font_9\"><span class=\"color_15\">BSmax Script existe depuis 2003 et les pr\u00e9c\u00e9dentes versions ont \u00e9t\u00e9 t\u00e9l\u00e9charg\u00e9es \u00e0 plus de 20.000 exemplaires, merci \u00e0 vous tous pour ce soutien ! Aujourd&rsquo;hui, pass\u00e9 2020, IRC est un support qui ne f\u00e9d\u00e8re plus beaucoup de gens, mais auquel je reste quand m\u00eame personnellement attach\u00e9.<br \/><br \/>Si le script ne connait plus de mise \u00e0 jour, sur BSmax Script comme \u00e0 Poudlard, une aide sera toujours apport\u00e9e \u00e0 ceux qui\u00a0le m\u00e9ritent ! C&rsquo;est pourquoi le forum et la page Facebook du script restent toujours actifs\u00a0\u00e0 ce jour !<\/span><\/p><p class=\"font_9\"><span class=\"color_15\">Serveur officiel de BSmax et du jeu Maxino :\u00a0<a href=\"irc:\/\/irc.bsmax.fr\/bsmax\" target=\"_blank\" rel=\"nofollow noopener\">irc.BSmax.fr<\/a><\/span><\/p>\t\t\t\t\t\t<\/div>\n\t\t\t\t<\/div>\n\t\t\t\t\t<\/div>\n\t\t<\/div>\n\t\t\t\t\t\t\t<\/div>\n\t\t<\/section>\n\t\t\t\t<section class=\"elementor-section elementor-top-section elementor-element elementor-element-2efaa68 elementor-section-boxed elementor-section-height-default elementor-section-height-default\" data-id=\"2efaa68\" data-element_type=\"section\">\n\t\t\t\t\t\t<div class=\"elementor-container elementor-column-gap-default\">\n\t\t\t\t\t<div class=\"elementor-column elementor-col-100 elementor-top-column elementor-element elementor-element-e6965ec\" data-id=\"e6965ec\" data-element_type=\"column\">\n\t\t\t<div class=\"elementor-widget-wrap elementor-element-populated\">\n\t\t\t\t\t\t\t\t<div class=\"elementor-element elementor-element-e7a16c5 elementor-widget elementor-widget-heading\" data-id=\"e7a16c5\" data-element_type=\"widget\" data-widget_type=\"heading.default\">\n\t\t\t\t<div class=\"elementor-widget-container\">\n\t\t\t<h2 class=\"elementor-heading-title elementor-size-default\">Avertissements d'usage<\/h2>\t\t<\/div>\n\t\t\t\t<\/div>\n\t\t\t\t\t<\/div>\n\t\t<\/div>\n\t\t\t\t\t\t\t<\/div>\n\t\t<\/section>\n\t\t\t\t<section class=\"elementor-section elementor-top-section elementor-element elementor-element-fce2659 elementor-section-boxed elementor-section-height-default elementor-section-height-default\" data-id=\"fce2659\" data-element_type=\"section\">\n\t\t\t\t\t\t<div class=\"elementor-container elementor-column-gap-default\">\n\t\t\t\t\t<div class=\"elementor-column elementor-col-100 elementor-top-column elementor-element elementor-element-6c821ce\" data-id=\"6c821ce\" data-element_type=\"column\">\n\t\t\t<div class=\"elementor-widget-wrap elementor-element-populated\">\n\t\t\t\t\t\t\t\t<div class=\"elementor-element elementor-element-abfb3ec elementor-widget elementor-widget-text-editor\" data-id=\"abfb3ec\" data-element_type=\"widget\" data-widget_type=\"text-editor.default\">\n\t\t\t\t<div class=\"elementor-widget-container\">\n\t\t\t\t\t\t\t<p class=\"font_9\"><span class=\"color_15\">Executez toujours le script en tant qu&rsquo;administrateur !<\/span><\/p><p class=\"font_9\"><span class=\"color_15\"><br \/><\/span><span class=\"color_15\">Lorsque vous lancez le script, vous pouvez voir un compteur indiquant qu&rsquo;il vous reste 30 jours d&rsquo;utilisation seulement. Ce compteur ne concerne pas BSmaxScript mais le logiciel sur lequel il repose : mIRC. Pass\u00e9 le d\u00e9lai des 30 jours, lorsque le compteur arrivera \u00e0 z\u00e9ro, vous pouvez acheter mIRC ou bien attendre que le bouton \u00ab\u00a0Continue\u00a0\u00bb apparaisse au bout de quelques secondes. Relancer le script sera parfois n\u00e9cessaire. Ce principe concerne uniquement mIRC et pas BSmaxScript.<\/span><\/p><p>\u00a0<\/p><p class=\"font_9\"><span class=\"color_15\">Le script est identifi\u00e9 dangereux \/ riskware \/ virus ?<br \/>Cliquez sur le bouton ci-dessous pour comprendre pourquoi !<\/span><\/p>\t\t\t\t\t\t<\/div>\n\t\t\t\t<\/div>\n\t\t\t\t\t<\/div>\n\t\t<\/div>\n\t\t\t\t\t\t\t<\/div>\n\t\t<\/section>\n\t\t\t\t<section class=\"elementor-section elementor-top-section elementor-element elementor-element-28e8ff6 elementor-section-boxed elementor-section-height-default elementor-section-height-default\" data-id=\"28e8ff6\" data-element_type=\"section\">\n\t\t\t\t\t\t<div class=\"elementor-container elementor-column-gap-default\">\n\t\t\t\t\t<div class=\"elementor-column elementor-col-100 elementor-top-column elementor-element elementor-element-108813a\" data-id=\"108813a\" data-element_type=\"column\">\n\t\t\t<div class=\"elementor-widget-wrap elementor-element-populated\">\n\t\t\t\t\t\t\t\t<div class=\"elementor-element elementor-element-9163d55 elementor-align-center elementor-invisible elementor-widget elementor-widget-button\" data-id=\"9163d55\" data-element_type=\"widget\" data-settings=\"{&quot;_animation&quot;:&quot;zoomIn&quot;}\" data-widget_type=\"button.default\">\n\t\t\t\t<div class=\"elementor-widget-container\">\n\t\t\t\t\t<div class=\"elementor-button-wrapper\">\n\t\t\t<a class=\"elementor-button elementor-button-link elementor-size-sm\" href=\"https:\/\/www.facebook.com\/110776065602251\/photos\/a.128712520475272.21632.110776065602251\/1215959968417183\/?type=3\" target=\"_blank\">\n\t\t\t\t\t\t<span class=\"elementor-button-content-wrapper\">\n\t\t\t\t\t\t<span class=\"elementor-button-text\">Pourquoi le script est-il identifi\u00e9 par les anti-virus<\/span>\n\t\t<\/span>\n\t\t\t\t\t<\/a>\n\t\t<\/div>\n\t\t\t\t<\/div>\n\t\t\t\t<\/div>\n\t\t\t\t\t<\/div>\n\t\t<\/div>\n\t\t\t\t\t\t\t<\/div>\n\t\t<\/section>\n\t\t\t\t<section class=\"elementor-section elementor-top-section elementor-element elementor-element-d1e48c8 elementor-section-boxed elementor-section-height-default elementor-section-height-default\" data-id=\"d1e48c8\" data-element_type=\"section\">\n\t\t\t\t\t\t<div class=\"elementor-container elementor-column-gap-default\">\n\t\t\t\t\t<div class=\"elementor-column elementor-col-100 elementor-top-column elementor-element elementor-element-a3b32bb\" data-id=\"a3b32bb\" data-element_type=\"column\">\n\t\t\t<div class=\"elementor-widget-wrap elementor-element-populated\">\n\t\t\t\t\t\t\t\t<div class=\"elementor-element elementor-element-6f02963 elementor-widget elementor-widget-heading\" data-id=\"6f02963\" data-element_type=\"widget\" data-widget_type=\"heading.default\">\n\t\t\t\t<div class=\"elementor-widget-container\">\n\t\t\t<h2 class=\"elementor-heading-title elementor-size-default\">T\u00e9l\u00e9chargement du script<\/h2>\t\t<\/div>\n\t\t\t\t<\/div>\n\t\t\t\t\t<\/div>\n\t\t<\/div>\n\t\t\t\t\t\t\t<\/div>\n\t\t<\/section>\n\t\t\t\t<section class=\"elementor-section elementor-top-section elementor-element elementor-element-5c9d98b elementor-section-boxed elementor-section-height-default elementor-section-height-default\" data-id=\"5c9d98b\" data-element_type=\"section\">\n\t\t\t\t\t\t<div class=\"elementor-container elementor-column-gap-default\">\n\t\t\t\t\t<div class=\"elementor-column elementor-col-100 elementor-top-column elementor-element elementor-element-e102f11\" data-id=\"e102f11\" data-element_type=\"column\">\n\t\t\t<div class=\"elementor-widget-wrap elementor-element-populated\">\n\t\t\t\t\t\t\t\t<div class=\"elementor-element elementor-element-e2620cb elementor-widget elementor-widget-text-editor\" data-id=\"e2620cb\" data-element_type=\"widget\" data-widget_type=\"text-editor.default\">\n\t\t\t\t<div class=\"elementor-widget-container\">\n\t\t\t\t\t\t\t<div id=\"bgLayers_comp-kjiidzuu1\" class=\"_3_wbk\"><div id=\"bgMedia_comp-kjiidzuu1\" class=\"_33YMf\">Pour t\u00e9l\u00e9charger la derni\u00e8re version Premium du script (35.6 Mo), choisissez l&rsquo;un des liens ci-dessous :<\/div><\/div>\t\t\t\t\t\t<\/div>\n\t\t\t\t<\/div>\n\t\t\t\t\t<\/div>\n\t\t<\/div>\n\t\t\t\t\t\t\t<\/div>\n\t\t<\/section>\n\t\t\t\t<section class=\"elementor-section elementor-top-section elementor-element elementor-element-8f1e6dd elementor-section-boxed elementor-section-height-default elementor-section-height-default\" data-id=\"8f1e6dd\" data-element_type=\"section\">\n\t\t\t\t\t\t<div class=\"elementor-container elementor-column-gap-default\">\n\t\t\t\t\t<div class=\"elementor-column elementor-col-100 elementor-top-column elementor-element elementor-element-6db5737\" data-id=\"6db5737\" data-element_type=\"column\">\n\t\t\t<div class=\"elementor-widget-wrap elementor-element-populated\">\n\t\t\t\t\t\t\t\t<div class=\"elementor-element elementor-element-84a9a2c elementor-widget elementor-widget-text-editor\" data-id=\"84a9a2c\" data-element_type=\"widget\" data-widget_type=\"text-editor.default\">\n\t\t\t\t<div class=\"elementor-widget-container\">\n\t\t\t\t\t\t\t<p class=\"font_9\" style=\"text-align: center;\"><strong>Mega<\/strong> : <a href=\"https:\/\/mega.nz\/file\/EMID0TqQ#GuAEPQV_hmFbFbd0VrcZEFIVSSda_upm2y8Bnf-4Afw\">EXE<\/a> | <a href=\"https:\/\/mega.nz\/file\/dAxWCYxJ#bTJ2VmFKzDyNy9fVzMJBiTA7FuhBjtGXkpId_fBE5KQ\">RAR<\/a> | <a href=\"https:\/\/mega.nz\/file\/QMgliabL#faPavActtLgHs6yRiyAlboz56m3E2rPyWNj9AzmxOHc\">ZIP<\/a> \u2014 <strong>MediaFire<\/strong> : <a href=\"https:\/\/www.mediafire.com\/file\/pdyaca69ci7vt9k\/bsmax7.2-premium.exe\/file\">EXE<\/a> | <a href=\"https:\/\/www.mediafire.com\/file\/vqnm77ty41p52ab\/bsmax7.2-premium.rar\/file\">RAR<\/a> | <a href=\"https:\/\/www.mediafire.com\/file\/dh1vrjm425hgxw1\/bsmax7.2-premium.zip\/file\">ZIP<\/a> \u2014 <strong>Google Drive<\/strong> : <a href=\"https:\/\/drive.google.com\/file\/d\/1u9ozgMXvMaIAIjIlycjTYH3DnHDUOKY6\/view?usp=sharing\">EXE<\/a> | <a href=\"https:\/\/drive.google.com\/file\/d\/1NNa4cfLIYmyIl82zy5W3pyF3zz-0lm2n\/view?usp=drive_link\">RAR<\/a> | <a href=\"https:\/\/drive.google.com\/file\/d\/1S-ouSQCVCfonK_FQV1d-OHIrwLcJtDbL\/view?usp=drive_link\">ZIP<\/a> \u2014 <strong>Rakuten Drive<\/strong> : <a href=\"https:\/\/www.rakuten-drive.com\/cloud\/shared\/inrr9f41a7ca5f4d6ddf2eb07ea272bb818b\">EXE<\/a> | <a href=\"https:\/\/www.rakuten-drive.com\/cloud\/shared\/inrr95e47254f30a417f268f7fab76de1082\">RAR<\/a> | <a href=\"https:\/\/www.rakuten-drive.com\/cloud\/shared\/inrr00eb67cb77941efe3fa6b342a9b453f0\">ZIP<\/a><\/p><p class=\"font_9\" style=\"text-align: center;\"><span class=\"wixGuard\">Derni\u00e8re mise \u00e0 jour des liens le 24\/03\/2024.<br \/>Liens morts ? N&rsquo;h\u00e9sitez pas \u00e0 pr\u00e9venir par mail \u00e0 <a href=\"mailto:contact@bsmax.fr\">contact@bsmax.fr<\/a> ou sur le <a href=\"https:\/\/www.facebook.com\/bsmaxscriptofficiel\">Facebook<\/a> ou <a href=\"https:\/\/discord.gg\/fMhEt4y\">Discord<\/a> de BSmax Script<br \/>Version tournant sur mIRC 7.68 ? Voir plus bas.<\/span><\/p><p class=\"font_9\"><span class=\"color_15\">Ce t\u00e9l\u00e9chargement peut \u00eatre bloqu\u00e9 par les navigateurs pour les raisons affich\u00e9es ci-dessus, si vous souhaitez t\u00e9l\u00e9charger le script malgr\u00e9 cet \u00e9cran vous pouvez cliquer sur :<\/span><\/p><ul class=\"font_9 color_15\"><li><p class=\"font_9\"><span class=\"color_15\">Pour\u00a0Mozilla Firefox\u00a0: \u00ab\u00a0Afficher les d\u00e9tails\u00a0\u00bb \u25ba \u00ab\u00a0Ignorer cet avertissement\u00a0\u00bb<\/span><\/p><\/li><li><p class=\"font_9\"><span class=\"color_15\">Pour\u00a0Google Chrome\u00a0: \u00ab\u00a0D\u00e9tails\u00a0\u00bb \u25ba \u00ab\u00a0Consulter ce site\u00a0\u00bb<\/span><\/p><\/li><li><p class=\"font_9\"><span class=\"color_15\">Aucun blocage d\u00e9tect\u00e9 \u00e0 ce jour sur\u00a0Microsoft Edge\u00a0ou\u00a0Opera.<\/span><\/p><\/li><\/ul><p class=\"font_9\"><span class=\"color_15\"><strong>T\u00e9l\u00e9chargement sp\u00e9cial 2022<\/strong> : BSmax Script n&rsquo;est plus d\u00e9velopp\u00e9 \u00e0 ce jour mais aujourd&rsquo;hui encore, en 2022, tout est fait pour qu&rsquo;il reste disponible ! Ainsi, une version du script tournant sur mIRC 7.68 a \u00e9t\u00e9 rendue disponible. Contrairement aux versions ci-dessus, il n&rsquo;y a aucune garantie que toutes les fonctions du script tournent correctement sur mIRC 7.68 ! Cette version est mise \u00e0 disposition pour les personnes qui souhaitent une version actuelle de mIRC, quitte \u00e0 se passer de quelques fonctionnalit\u00e9s : <a href=\"https:\/\/mega.nz\/file\/1IRnALAI#ZEdiAZS_SzsCbJcqspFzuTbwy-JjqUWrYD58sTI-ch4\">T\u00e9l\u00e9chargement RAR sur Mega<\/a>.<\/span><\/p><p class=\"font_9\"><span class=\"color_15\">Assistance, questions, aide, recherche d&rsquo;une ancienne version du script ou des versions Lite ou Medium ?<\/span><\/p><p>Rendez-vous sur le forum officiel\u00a0\u25ba\u00a0<a href=\"http:\/\/maxino.forumpro.fr\/f18-bsmaxscript\" target=\"_blank\" rel=\"nofollow noopener\">Cliquez ici<\/a><br \/>Ou bien sur le serveur IRC officiel <a href=\"irc:\/\/irc.bsmax.fr\/bsmax\">irc.bsmax.fr<\/a><\/p><p class=\"font_9\"><span class=\"color_15\"><a href=\"http:\/\/www.bsmax.fr\/?page_id=294\">Changelog<\/a> \u2014 <a href=\"http:\/\/www.bsmax.fr\/?page_id=299\">Suppl\u00e9ments<\/a><\/span><\/p>\t\t\t\t\t\t<\/div>\n\t\t\t\t<\/div>\n\t\t\t\t\t<\/div>\n\t\t<\/div>\n\t\t\t\t\t\t\t<\/div>\n\t\t<\/section>\n\t\t\t\t\t\t\t<\/div>\n\t\t","protected":false},"excerpt":{"rendered":"<p>BSmax Script 7.2 La derni\u00e8re version de BSmax Script est la version\u00a07.2 !\u00a0 Cette fois-ci, l&rsquo;accent a \u00e9t\u00e9 mis sur la connectivit\u00e9<\/p>\n<p class=\"link-more\"><a class=\"myButt \" href=\"https:\/\/www.bsmax.fr\/?page_id=188\">Read More<\/a><\/p>\n","protected":false},"author":1,"featured_media":0,"parent":0,"menu_order":0,"comment_status":"closed","ping_status":"closed","template":"","meta":{"footnotes":""},"class_list":["post-188","page","type-page","status-publish","hentry"],"_links":{"self":[{"href":"https:\/\/www.bsmax.fr\/index.php?rest_route=\/wp\/v2\/pages\/188","targetHints":{"allow":["GET"]}}],"collection":[{"href":"https:\/\/www.bsmax.fr\/index.php?rest_route=\/wp\/v2\/pages"}],"about":[{"href":"https:\/\/www.bsmax.fr\/index.php?rest_route=\/wp\/v2\/types\/page"}],"author":[{"embeddable":true,"href":"https:\/\/www.bsmax.fr\/index.php?rest_route=\/wp\/v2\/users\/1"}],"replies":[{"embeddable":true,"href":"https:\/\/www.bsmax.fr\/index.php?rest_route=%2Fwp%2Fv2%2Fcomments&post=188"}],"version-history":[{"count":67,"href":"https:\/\/www.bsmax.fr\/index.php?rest_route=\/wp\/v2\/pages\/188\/revisions"}],"predecessor-version":[{"id":475,"href":"https:\/\/www.bsmax.fr\/index.php?rest_route=\/wp\/v2\/pages\/188\/revisions\/475"}],"wp:attachment":[{"href":"https:\/\/www.bsmax.fr\/index.php?rest_route=%2Fwp%2Fv2%2Fmedia&parent=188"}],"curies":[{"name":"wp","href":"https:\/\/api.w.org\/{rel}","templated":true}]}}